{"id":159,"date":"2020-01-01T21:43:25","date_gmt":"2020-01-01T21:43:25","guid":{"rendered":"https:\/\/mearbhall.de\/?page_id=159"},"modified":"2023-03-04T21:27:40","modified_gmt":"2023-03-04T21:27:40","slug":"cd-anam-glas","status":"publish","type":"page","link":"https:\/\/mearbhall.de\/?page_id=159","title":{"rendered":"CD &#8222;Anam Glas&#8220;"},"content":{"rendered":"\n<p><a rel=\"noreferrer noopener\" href=\"https:\/\/mearbhall.de\/?post_type=product\" target=\"_blank\">Direkt kaufen<\/a> im Band-Shop? Einfach<a href=\"https:\/\/mearbhall.de\/?post_type=product\"> klicken<\/a><a rel=\"noreferrer noopener\" href=\"https:\/\/mearbhall.de\/produkt\/cd-mearbhall-anam-glas-gruene-seele\" target=\"_blank\">.<\/a><\/p>\n\n\n\n<p>Dialog-Enden in drei Akten:<br>Akt I<br><em>&#8222;Nein, ich m\u00f6chte eure CD nicht, ich komm lieber zu den Konzerten.&#8220;<\/em><br>Akt II &#8211; drei Wochen sp\u00e4ter<br><em>&#8222;Kannst du mir doch eine CD geben? Ich brauche sie als Geburtstagsgeschenk f\u00fcr meinen Mann.&#8220;<\/em><br>Akt III &#8211; weitere drei Wochen sp\u00e4ter<br><em>&#8222;Eure CD l\u00e4uft bei mir seit Wochen t\u00e4glich im Auto &#8230;&#8220;<\/em><\/p>\n\n\n<div class=\"wp-block-image\">\n<figure class=\"aligncenter size-large\"><img loading=\"lazy\" decoding=\"async\" width=\"1024\" height=\"1024\" src=\"https:\/\/mearbhall.de\/wp-content\/uploads\/2019\/12\/IMG_20191218_225104_348-1024x1024.jpg\" alt=\"\" class=\"wp-image-73\" srcset=\"https:\/\/mearbhall.de\/wp-content\/uploads\/2019\/12\/IMG_20191218_225104_348-1024x1024.jpg 1024w, https:\/\/mearbhall.de\/wp-content\/uploads\/2019\/12\/IMG_20191218_225104_348-300x300.jpg 300w, https:\/\/mearbhall.de\/wp-content\/uploads\/2019\/12\/IMG_20191218_225104_348-100x100.jpg 100w, https:\/\/mearbhall.de\/wp-content\/uploads\/2019\/12\/IMG_20191218_225104_348-600x600.jpg 600w, https:\/\/mearbhall.de\/wp-content\/uploads\/2019\/12\/IMG_20191218_225104_348-150x150.jpg 150w, https:\/\/mearbhall.de\/wp-content\/uploads\/2019\/12\/IMG_20191218_225104_348-768x768.jpg 768w, https:\/\/mearbhall.de\/wp-content\/uploads\/2019\/12\/IMG_20191218_225104_348.jpg 1080w\" sizes=\"auto, (max-width: 1024px) 100vw, 1024px\" \/><\/figure>\n<\/div>\n\n\n<p class=\"has-text-align-left has-vivid-green-cyan-background-color has-background has-medium-font-size\">Unsere<strong><em> CD &#8222;Anam Glas&#8220;  ist bei uns erh\u00e4ltlich<\/em><\/strong>:<br><a rel=\"noreferrer noopener\" href=\"https:\/\/mearbhall.de\/produkt\/cd-mearbhall-anam-glas-gruene-seele\" target=\"_blank\">Direkt kaufen<\/a> im Band-Shop.<br>Hier bekommt ihr eine echte CD und ein 12-seitiges sch\u00f6nes, farbiges Booklet mit allen Texten f\u00fcr 12,- zugeschickt (10,- f\u00fcr die CD und 2,- f\u00fcr den Versand).<br><br>Eine von vielen R\u00fcckmeldungen:<br>&#8222;Ich &#8230; entscheide \u00fcber mein Gef\u00fchl: Gef\u00e4llt mir, oder eben nicht. Und eure Musik ist da sehr eindeutig! Das ist ja auch irgendwie etwas unerkl\u00e4rliches, ja fast magisches, dass Musik uns Menschen da am Gef\u00fchl packt. Und so schenkt ihr jetzt einer gro\u00dfen Menge Leute eine geile Zeit, wenn sie eure Musik h\u00f6ren k\u00f6nnen &#8230;&#8220; (M. aus Velbert)<\/p>\n\n\n\n<p>Schriftliche R\u00fcckmeldungen die uns erreichten:<br><em>&#8222;&#8230; ein Wahnsinnsalbum! &#8230; Das ist richtig sch\u00f6ne Musik. Ich h\u00e4tte jetzt gerne so ein &#8218;Freundealbum&#8216;, da k\u00f6nnte ich jetzt eine Lieblingsband eintragen. &#8230; ein grandioses Album, was mir heute und in Zukunft noch ganz viel Freude bereiten wird.&#8220;<\/em> (Danke an M. aus dem Kreis Mettmann)<br><br><em>&#8222;Sehr, sehr sch\u00f6ne CD&#8220;<\/em> (Danke an T. aus Wuppertal)<br><br><em>&#8222;&#8230; Ich wollte mich &#8230; f\u00fcr die tolle, gelungene, stimmungsvolle Irish-Folk-CD bei eurer Band &#8230; bedanken. Sie hat mir sofort super gefallen und brennt sich mehr und mehr in mein Musikged\u00e4chtnis ein und verbreitet gute Stimmung.&#8220; <\/em>(Danke an H. aus Mettmann)<br><br><em>&#8222;Ich durfte mich beschenken mit dem Debutalbum &#8222;Anam Glas&#8220; der &#8230; Band Mearbhall, die den Irish Folk Rooster im RRC zum Beben brachte. DANKE deiner tollen Truppe.&#8220;<\/em> ( Wir danken Tom aus Haan)<br><br><em>&#8222;Zu Weihnachten bekommen: Der erste &#8218;Heilige Abend&#8216; mit euch &#8230; Danke, f\u00fcr die sch\u00f6ne Musik&#8220; <\/em>( Danke an J. aus Wuppertal)<\/p>\n\n\n\n<p><a rel=\"noreferrer noopener\" href=\"https:\/\/mearbhall.de\/produkt\/cd-mearbhall-anam-glas-gruene-seele\" target=\"_blank\"><a rel=\"noreferrer noopener\" href=\"https:\/\/mearbhall.de\/produkt\/cd-mearbhall-anam-glas-gruene-seele\" target=\"_blank\">CD erwerben, hier.<\/a><\/a><br>Nach der CD Entstanden: Das Video zu unserem einstudierten Song per Onlinevernetzung im ersten Lockdown 2020. Wir haben ihn wegen Covid19 erst Monate sp\u00e4ter zusammen spielen k\u00f6nnen:<\/p>\n\n\n\n<figure class=\"wp-block-embed is-type-video is-provider-youtube wp-block-embed-youtube wp-embed-aspect-16-9 wp-has-aspect-ratio\"><div class=\"wp-block-embed__wrapper\">\n<iframe loading=\"lazy\" title=\"Carrickfergus, gaelic and english, never played real in one room (Corona ...) played by Mearbhall\" width=\"1200\" height=\"675\" src=\"https:\/\/www.youtube.com\/embed\/nS667O-Lxzw?feature=oembed\" frameborder=\"0\" allow=\"accelerometer; autoplay; clipboard-write; encrypted-media; gyroscope; picture-in-picture\" allowfullscreen><\/iframe>\n<\/div><\/figure>\n\n\n\n<p>Die Songs der CD mit denen wir euch Freude machen wollen:<br>Molly <strong>M<\/strong>alone         <em>      <\/em><br>           <em>(Gesang, Geige, Gitarre, Bass)<\/em><br>Irish Rov<strong>e<\/strong>r                <br>           <em>(Gesang, Geige, Banjo, Bass, Bodhran)<\/em><br>Sp<strong>a<\/strong>nish Lady   <br>           <em>(Gesang, dreistimmig; Geige, Fl\u00f6te, Gitarre, Bass)<\/em><br>D<strong>r<\/strong>owsy Maggie  <br>           <em>(Geigen-Duo, Gitarre, Bass)<\/em><br>Ye Jaco<strong>b<\/strong>ites By Name   <br>           <em>(Gesang, Geige, Gitarre, Bass, Bodhran)<\/em><br>Down T<strong>h<\/strong>e Broom   <br>           <em>(Geigen-Duo, Gitarre, Bass)<\/em><br>Fascin<strong>a<\/strong>ting Love <br>           <em>(Gesang, Geige, Gitarre, Bass, Bodhran)<\/em><br>Will You Go, <strong>L<\/strong>assie, Go <br>           <em>(Gesang, Geige, Gitarre, Bass)<\/em><br>I&#8217;ll Tel<strong>l <\/strong>Me Ma <br>           <em>(Gesang, Geige, Gitarre, Bass, Bodhran)<\/em><br>Bonus: The Leaving Of Liverpool <br>           <em>(Gesang, Geige, Gitarre, Bass)<\/em><\/p>\n\n\n\n<figure class=\"wp-block-embed is-type-video is-provider-youtube wp-block-embed-youtube wp-embed-aspect-16-9 wp-has-aspect-ratio\"><div class=\"wp-block-embed__wrapper\">\n<iframe loading=\"lazy\" title=\"Molly Malone. Ausschnitt vom Album &quot;Anam Glas&quot; der Band Mearbhall   HD 720p\" width=\"1200\" height=\"675\" src=\"https:\/\/www.youtube.com\/embed\/0YDkZr88Qng?feature=oembed\" frameborder=\"0\" allow=\"accelerometer; autoplay; clipboard-write; encrypted-media; gyroscope; picture-in-picture\" allowfullscreen><\/iframe>\n<\/div><figcaption class=\"wp-element-caption\">Hier kann man 1 Minute in den 1. CD Song reinh\u00f6ren: Molly Malone<\/figcaption><\/figure>\n\n\n\n<figure class=\"wp-block-embed is-type-video is-provider-youtube wp-block-embed-youtube wp-embed-aspect-16-9 wp-has-aspect-ratio\"><div class=\"wp-block-embed__wrapper\">\n<iframe loading=\"lazy\" title=\"Ye Jacobites By Name Ausschnitt vom Album &quot;Anam Glas&quot; der Band Mearbhall\" width=\"1200\" height=\"675\" src=\"https:\/\/www.youtube.com\/embed\/OeJ0NH1kB1E?feature=oembed\" frameborder=\"0\" allow=\"accelerometer; autoplay; clipboard-write; encrypted-media; gyroscope; picture-in-picture\" allowfullscreen><\/iframe>\n<\/div><figcaption class=\"wp-element-caption\">1 Minute vom 5. Song der CD: Ye Jacobites By Name<\/figcaption><\/figure>\n\n\n\n<p><em>&#8222;&#8230;eure CD ist toll! Es macht riesigen Spa\u00df, sie zu h\u00f6ren und mitzusingen. Und die Verpackung umweltfreundlich und hochwertig mit all den Texten.Ein gelungenes erstes Baby :)&#8220;<\/em> (Danke an S. aus Cronenberg)<\/p>\n\n\n\n<p><a rel=\"noreferrer noopener\" href=\"https:\/\/mearbhall.de\/produkt\/cd-mearbhall-anam-glas-gruene-seele\" target=\"_blank\">CD erwerben, hier. <\/a><\/p>\n\n\n\n<figure class=\"wp-block-image size-large\"><img loading=\"lazy\" decoding=\"async\" width=\"1024\" height=\"888\" src=\"https:\/\/mearbhall.de\/wp-content\/uploads\/2019\/12\/IMG_20191218_214330_-1024x888.png\" alt=\"\" class=\"wp-image-75\" srcset=\"https:\/\/mearbhall.de\/wp-content\/uploads\/2019\/12\/IMG_20191218_214330_-1024x888.png 1024w, https:\/\/mearbhall.de\/wp-content\/uploads\/2019\/12\/IMG_20191218_214330_-600x520.png 600w, https:\/\/mearbhall.de\/wp-content\/uploads\/2019\/12\/IMG_20191218_214330_-300x260.png 300w, https:\/\/mearbhall.de\/wp-content\/uploads\/2019\/12\/IMG_20191218_214330_-768x666.png 768w, https:\/\/mearbhall.de\/wp-content\/uploads\/2019\/12\/IMG_20191218_214330_-1536x1332.png 1536w, https:\/\/mearbhall.de\/wp-content\/uploads\/2019\/12\/IMG_20191218_214330_-2048x1775.png 2048w\" sizes=\"auto, (max-width: 1024px) 100vw, 1024px\" \/><\/figure>\n\n\n\n<figure class=\"wp-block-embed is-type-video is-provider-youtube wp-block-embed-youtube wp-embed-aspect-16-9 wp-has-aspect-ratio\"><div class=\"wp-block-embed__wrapper\">\n<iframe loading=\"lazy\" title=\"Irish Rover Ausschnitt vom Album &quot;Anam Glas&quot; der Band Mearbhall   HD 720p   HD 720p\" width=\"1200\" height=\"675\" src=\"https:\/\/www.youtube.com\/embed\/cCQRLqUCHl4?feature=oembed\" frameborder=\"0\" allow=\"accelerometer; autoplay; clipboard-write; encrypted-media; gyroscope; picture-in-picture\" allowfullscreen><\/iframe>\n<\/div><figcaption class=\"wp-element-caption\">Noch eine Minute zum Reinh\u00f6ren: Irish Rover von unserer CD &#8222;Anam Glas&#8220;<\/figcaption><\/figure>\n\n\n\n<figure class=\"wp-block-image size-large\"><img loading=\"lazy\" decoding=\"async\" width=\"1024\" height=\"402\" src=\"https:\/\/mearbhall.de\/wp-content\/uploads\/2019\/12\/TripAdvisor_mearbhall_koeln_cologne-1024x402.jpg\" alt=\"\" class=\"wp-image-152\" srcset=\"https:\/\/mearbhall.de\/wp-content\/uploads\/2019\/12\/TripAdvisor_mearbhall_koeln_cologne-1024x402.jpg 1024w, https:\/\/mearbhall.de\/wp-content\/uploads\/2019\/12\/TripAdvisor_mearbhall_koeln_cologne-600x236.jpg 600w, https:\/\/mearbhall.de\/wp-content\/uploads\/2019\/12\/TripAdvisor_mearbhall_koeln_cologne-300x118.jpg 300w, https:\/\/mearbhall.de\/wp-content\/uploads\/2019\/12\/TripAdvisor_mearbhall_koeln_cologne-768x302.jpg 768w, https:\/\/mearbhall.de\/wp-content\/uploads\/2019\/12\/TripAdvisor_mearbhall_koeln_cologne-1536x604.jpg 1536w, https:\/\/mearbhall.de\/wp-content\/uploads\/2019\/12\/TripAdvisor_mearbhall_koeln_cologne.jpg 1588w\" sizes=\"auto, (max-width: 1024px) 100vw, 1024px\" \/><\/figure>\n\n\n\n<p>Informiert euch gerne bei Instagram  &#8222;irish_folk_mearbhall&#8220; <br>oder auf Facebook und folgt uns auf dem Youtube Kanal https:\/\/www.youtube.com\/channel\/UCb5f6i9P46GFUg-fRpAUlqA <\/p>\n\n\n\n<p>Hoffentlich sehen wir uns bald wieder LIVE.<\/p>\n\n\n\n<p>Kontakt:<br> Ingo L\u00e4mmerhirt<br> 01sieben2 982 50 50<br> info (\u00e4d) mearbhall.de<\/p>\n\n\n\n<figure class=\"wp-block-embed is-type-video is-provider-youtube wp-block-embed-youtube wp-embed-aspect-4-3 wp-has-aspect-ratio\"><div class=\"wp-block-embed__wrapper\">\n<iframe loading=\"lazy\" title=\"Ye Jacobites By Name\" width=\"1200\" height=\"900\" src=\"https:\/\/www.youtube.com\/embed\/fJ7qvVIBRSQ?list=PLEJFG_CpEu5mZSqZtExDuGF1r2xj_7iHU\" frameborder=\"0\" allow=\"accelerometer; autoplay; clipboard-write; encrypted-media; gyroscope; picture-in-picture\" allowfullscreen><\/iframe>\n<\/div><figcaption class=\"wp-element-caption\">Die Mearbhall Songs von &#8222;anam glas&#8220; h\u00f6ren bei Youtube &#8211; spende ein Like \ud83d\ude42<\/figcaption><\/figure>\n","protected":false},"excerpt":{"rendered":"<p>Direkt kaufen im Band-Shop? Einfach klicken. Dialog-Enden in drei Akten:Akt I&#8222;Nein, ich m\u00f6chte eure CD nicht, ich komm lieber zu den Konzerten.&#8220;Akt II &#8211; drei Wochen sp\u00e4ter&#8222;Kannst du mir doch eine CD geben? Ich brauche sie als Geburtstagsgeschenk f\u00fcr meinen Mann.&#8220;Akt III &#8211; weitere drei&nbsp;<a class=\"read-more\" href=\"https:\/\/mearbhall.de\/?page_id=159\">&hellip;<\/a><\/p>\n","protected":false},"author":1,"featured_media":0,"parent":0,"menu_order":0,"comment_status":"closed","ping_status":"closed","template":"","meta":{"footnotes":""},"class_list":["post-159","page","type-page","status-publish","hentry"],"_links":{"self":[{"href":"https:\/\/mearbhall.de\/index.php?rest_route=\/wp\/v2\/pages\/159","targetHints":{"allow":["GET"]}}],"collection":[{"href":"https:\/\/mearbhall.de\/index.php?rest_route=\/wp\/v2\/pages"}],"about":[{"href":"https:\/\/mearbhall.de\/index.php?rest_route=\/wp\/v2\/types\/page"}],"author":[{"embeddable":true,"href":"https:\/\/mearbhall.de\/index.php?rest_route=\/wp\/v2\/users\/1"}],"replies":[{"embeddable":true,"href":"https:\/\/mearbhall.de\/index.php?rest_route=%2Fwp%2Fv2%2Fcomments&post=159"}],"version-history":[{"count":21,"href":"https:\/\/mearbhall.de\/index.php?rest_route=\/wp\/v2\/pages\/159\/revisions"}],"predecessor-version":[{"id":869,"href":"https:\/\/mearbhall.de\/index.php?rest_route=\/wp\/v2\/pages\/159\/revisions\/869"}],"wp:attachment":[{"href":"https:\/\/mearbhall.de\/index.php?rest_route=%2Fwp%2Fv2%2Fmedia&parent=159"}],"curies":[{"name":"wp","href":"https:\/\/api.w.org\/{rel}","templated":true}]}}